{"id":1021,"date":"2025-09-18T04:44:05","date_gmt":"2025-09-18T04:44:05","guid":{"rendered":"https:\/\/onoir.com\/?page_id=1021"},"modified":"2026-02-12T06:00:29","modified_gmt":"2026-02-12T06:00:29","slug":"events","status":"publish","type":"page","link":"https:\/\/onoir.com\/fr\/events\/","title":{"rendered":"\u00c9v\u00e9nements"},"content":{"rendered":"<div data-elementor-type=\"wp-page\" data-elementor-id=\"1021\" class=\"elementor elementor-1021\" data-elementor-post-type=\"page\">\n\t\t\t\t<div class=\"elementor-element elementor-element-411eed1d e-con-full e-flex e-con e-parent\" data-id=\"411eed1d\" data-element_type=\"container\" data-e-type=\"container\" data-settings=\"{&quot;background_background&quot;:&quot;classic&quot;}\">\n\t\t\t\t<div class=\"elementor-element elementor-element-25b1e6fb elementor-widget elementor-widget-image\" data-id=\"25b1e6fb\" data-element_type=\"widget\" data-e-type=\"widget\" data-widget_type=\"image.default\">\n\t\t\t\t<div class=\"elementor-widget-container\">\n\t\t\t\t\t\t\t\t\t\t\t\t\t\t\t<img fetchpriority=\"high\" decoding=\"async\" width=\"800\" height=\"534\" src=\"https:\/\/onoir.com\/wp-content\/uploads\/2025\/09\/Onoir_MG_1256-1024x683.jpg\" class=\"attachment-large size-large wp-image-1136\" alt=\"\" srcset=\"https:\/\/onoir.com\/wp-content\/uploads\/2025\/09\/Onoir_MG_1256-1024x683.jpg 1024w, https:\/\/onoir.com\/wp-content\/uploads\/2025\/09\/Onoir_MG_1256-300x200.jpg 300w, https:\/\/onoir.com\/wp-content\/uploads\/2025\/09\/Onoir_MG_1256-768x512.jpg 768w, https:\/\/onoir.com\/wp-content\/uploads\/2025\/09\/Onoir_MG_1256-1536x1024.jpg 1536w, https:\/\/onoir.com\/wp-content\/uploads\/2025\/09\/Onoir_MG_1256-2048x1365.jpg 2048w, https:\/\/onoir.com\/wp-content\/uploads\/2025\/09\/Onoir_MG_1256-18x12.jpg 18w\" sizes=\"(max-width: 800px) 100vw, 800px\" \/>\t\t\t\t\t\t\t\t\t\t\t\t\t\t\t<\/div>\n\t\t\t\t<\/div>\n\t\t<div class=\"elementor-element elementor-element-e525c7f e-con-full e-flex e-con e-child\" data-id=\"e525c7f\" data-element_type=\"container\" data-e-type=\"container\">\n\t\t\t\t<div class=\"elementor-element elementor-element-618277a1 elementor-widget elementor-widget-heading\" data-id=\"618277a1\" data-element_type=\"widget\" data-e-type=\"widget\" data-widget_type=\"heading.default\">\n\t\t\t\t<div class=\"elementor-widget-container\">\n\t\t\t\t\t<h2 class=\"elementor-heading-title elementor-size-default\">\u00c9v\u00e9nements<\/h2>\t\t\t\t<\/div>\n\t\t\t\t<\/div>\n\t\t\t\t<div class=\"elementor-element elementor-element-38d43381 elementor-widget elementor-widget-heading\" data-id=\"38d43381\" data-element_type=\"widget\" data-e-type=\"widget\" data-widget_type=\"heading.default\">\n\t\t\t\t<div class=\"elementor-widget-container\">\n\t\t\t\t\t<h2 class=\"elementor-heading-title elementor-size-default\">ACCUEILLEZ CHEZ NOUS : \u00c9V\u00c9NEMENTS D\u2019ENTREPRISE, F\u00caTES PRIV\u00c9ES, CONCERTS &amp; SOIR\u00c9ES CULTURELLES<\/h2>\t\t\t\t<\/div>\n\t\t\t\t<\/div>\n\t\t\t\t<div class=\"elementor-element elementor-element-6378fa87 e-transform elementor-widget elementor-widget-heading\" data-id=\"6378fa87\" data-element_type=\"widget\" data-e-type=\"widget\" data-settings=\"{&quot;_transform_scale_effect_hover&quot;:{&quot;unit&quot;:&quot;px&quot;,&quot;size&quot;:1.2,&quot;sizes&quot;:[]},&quot;_transform_scale_effect_hover_tablet&quot;:{&quot;unit&quot;:&quot;px&quot;,&quot;size&quot;:&quot;&quot;,&quot;sizes&quot;:[]},&quot;_transform_scale_effect_hover_mobile&quot;:{&quot;unit&quot;:&quot;px&quot;,&quot;size&quot;:&quot;&quot;,&quot;sizes&quot;:[]}}\" data-widget_type=\"heading.default\">\n\t\t\t\t<div class=\"elementor-widget-container\">\n\t\t\t\t\t<h2 class=\"elementor-heading-title elementor-size-default\">En savoir plus<\/h2>\t\t\t\t<\/div>\n\t\t\t\t<\/div>\n\t\t\t\t<div class=\"elementor-element elementor-element-7c1896c4 e-transform elementor-view-default elementor-widget elementor-widget-icon\" data-id=\"7c1896c4\" data-element_type=\"widget\" data-e-type=\"widget\" data-settings=\"{&quot;_transform_translateY_effect_hover&quot;:{&quot;unit&quot;:&quot;px&quot;,&quot;size&quot;:23,&quot;sizes&quot;:[]},&quot;_transform_translateX_effect_hover&quot;:{&quot;unit&quot;:&quot;px&quot;,&quot;size&quot;:&quot;&quot;,&quot;sizes&quot;:[]},&quot;_transform_translateX_effect_hover_tablet&quot;:{&quot;unit&quot;:&quot;px&quot;,&quot;size&quot;:&quot;&quot;,&quot;sizes&quot;:[]},&quot;_transform_translateX_effect_hover_mobile&quot;:{&quot;unit&quot;:&quot;px&quot;,&quot;size&quot;:&quot;&quot;,&quot;sizes&quot;:[]},&quot;_transform_translateY_effect_hover_tablet&quot;:{&quot;unit&quot;:&quot;px&quot;,&quot;size&quot;:&quot;&quot;,&quot;sizes&quot;:[]},&quot;_transform_translateY_effect_hover_mobile&quot;:{&quot;unit&quot;:&quot;px&quot;,&quot;size&quot;:&quot;&quot;,&quot;sizes&quot;:[]}}\" data-widget_type=\"icon.default\">\n\t\t\t\t<div class=\"elementor-widget-container\">\n\t\t\t\t\t\t\t<div class=\"elementor-icon-wrapper\">\n\t\t\t<div class=\"elementor-icon\">\n\t\t\t<svg aria-hidden=\"true\" class=\"e-font-icon-svg e-fas-arrow-down\" viewbox=\"0 0 448 512\" xmlns=\"http:\/\/www.w3.org\/2000\/svg\"><path d=\"M413.1 222.5l22.2 22.2c9.4 9.4 9.4 24.6 0 33.9L241 473c-9.4 9.4-24.6 9.4-33.9 0L12.7 278.6c-9.4-9.4-9.4-24.6 0-33.9l22.2-22.2c9.5-9.5 25-9.3 34.3.4L184 343.4V56c0-13.3 10.7-24 24-24h32c13.3 0 24 10.7 24 24v287.4l114.8-120.5c9.3-9.8 24.8-10 34.3-.4z\"><\/path><\/svg>\t\t\t<\/div>\n\t\t<\/div>\n\t\t\t\t\t\t<\/div>\n\t\t\t\t<\/div>\n\t\t\t\t<\/div>\n\t\t\t\t<div class=\"elementor-element elementor-element-3edacc7c elementor-widget elementor-widget-image\" data-id=\"3edacc7c\" data-element_type=\"widget\" data-e-type=\"widget\" data-widget_type=\"image.default\">\n\t\t\t\t<div class=\"elementor-widget-container\">\n\t\t\t\t\t\t\t\t\t\t\t\t\t\t\t<img decoding=\"async\" width=\"800\" height=\"534\" src=\"https:\/\/onoir.com\/wp-content\/uploads\/2025\/09\/Onoir_MG_1181-1024x683.jpg\" class=\"attachment-large size-large wp-image-1134\" alt=\"\" srcset=\"https:\/\/onoir.com\/wp-content\/uploads\/2025\/09\/Onoir_MG_1181-1024x683.jpg 1024w, https:\/\/onoir.com\/wp-content\/uploads\/2025\/09\/Onoir_MG_1181-300x200.jpg 300w, https:\/\/onoir.com\/wp-content\/uploads\/2025\/09\/Onoir_MG_1181-768x512.jpg 768w, https:\/\/onoir.com\/wp-content\/uploads\/2025\/09\/Onoir_MG_1181-1536x1024.jpg 1536w, https:\/\/onoir.com\/wp-content\/uploads\/2025\/09\/Onoir_MG_1181-2048x1365.jpg 2048w, https:\/\/onoir.com\/wp-content\/uploads\/2025\/09\/Onoir_MG_1181-18x12.jpg 18w\" sizes=\"(max-width: 800px) 100vw, 800px\" \/>\t\t\t\t\t\t\t\t\t\t\t\t\t\t\t<\/div>\n\t\t\t\t<\/div>\n\t\t\t\t<\/div>\n\t\t<div class=\"elementor-element elementor-element-73417dfb e-con-full elementor-hidden-desktop e-flex e-con e-parent\" data-id=\"73417dfb\" data-element_type=\"container\" data-e-type=\"container\" data-settings=\"{&quot;background_background&quot;:&quot;classic&quot;}\">\n\t\t<div class=\"elementor-element elementor-element-5de89ef2 e-con-full e-flex e-con e-child\" data-id=\"5de89ef2\" data-element_type=\"container\" data-e-type=\"container\">\n\t\t\t\t<div class=\"elementor-element elementor-element-7ab25bbe elementor-widget__width-inherit elementor-widget-mobile__width-inherit elementor-widget elementor-widget-image-box\" data-id=\"7ab25bbe\" data-element_type=\"widget\" data-e-type=\"widget\" data-widget_type=\"image-box.default\">\n\t\t\t\t<div class=\"elementor-widget-container\">\n\t\t\t\t\t<div class=\"elementor-image-box-wrapper\"><div class=\"elementor-image-box-content\"><h3 class=\"elementor-image-box-title\">\u00c9v\u00e9nements priv\u00e9s et exp\u00e9riences d'entreprise<\/h3><p class=\"elementor-image-box-description\">Cherchez-vous une exp\u00e9rience inoubliable pour votre prochain \u00e9v\u00e9nement ? Onoir transforme\nvos rassemblements en voyages sensoriels uniques.<\/p><\/div><\/div>\t\t\t\t<\/div>\n\t\t\t\t<\/div>\n\t\t\t\t<div class=\"elementor-element elementor-element-1a0aa777 elementor-widget elementor-widget-image\" data-id=\"1a0aa777\" data-element_type=\"widget\" data-e-type=\"widget\" data-widget_type=\"image.default\">\n\t\t\t\t<div class=\"elementor-widget-container\">\n\t\t\t\t\t\t\t\t\t\t\t\t\t\t\t<img decoding=\"async\" width=\"683\" height=\"1024\" src=\"https:\/\/onoir.com\/wp-content\/uploads\/2025\/09\/Onoir_MG_1113-683x1024.jpg\" class=\"attachment-large size-large wp-image-1131\" alt=\"\" srcset=\"https:\/\/onoir.com\/wp-content\/uploads\/2025\/09\/Onoir_MG_1113-683x1024.jpg 683w, https:\/\/onoir.com\/wp-content\/uploads\/2025\/09\/Onoir_MG_1113-200x300.jpg 200w, https:\/\/onoir.com\/wp-content\/uploads\/2025\/09\/Onoir_MG_1113-768x1152.jpg 768w, https:\/\/onoir.com\/wp-content\/uploads\/2025\/09\/Onoir_MG_1113-1024x1536.jpg 1024w, https:\/\/onoir.com\/wp-content\/uploads\/2025\/09\/Onoir_MG_1113-1365x2048.jpg 1365w, https:\/\/onoir.com\/wp-content\/uploads\/2025\/09\/Onoir_MG_1113-8x12.jpg 8w, https:\/\/onoir.com\/wp-content\/uploads\/2025\/09\/Onoir_MG_1113.jpg 1600w\" sizes=\"(max-width: 683px) 100vw, 683px\" \/>\t\t\t\t\t\t\t\t\t\t\t\t\t\t\t<\/div>\n\t\t\t\t<\/div>\n\t\t\t\t<\/div>\n\t\t<div class=\"elementor-element elementor-element-1118063b e-con-full e-flex e-con e-child\" data-id=\"1118063b\" data-element_type=\"container\" data-e-type=\"container\">\n\t\t\t\t<div class=\"elementor-element elementor-element-523e6a34 elementor-widget__width-initial elementor-widget-tablet__width-inherit elementor-widget-mobile__width-inherit elementor-position-top elementor-widget elementor-widget-image-box\" data-id=\"523e6a34\" data-element_type=\"widget\" data-e-type=\"widget\" data-widget_type=\"image-box.default\">\n\t\t\t\t<div class=\"elementor-widget-container\">\n\t\t\t\t\t<div class=\"elementor-image-box-wrapper\"><figure class=\"elementor-image-box-img\"><img loading=\"lazy\" decoding=\"async\" width=\"2400\" height=\"1600\" src=\"https:\/\/onoir.com\/wp-content\/uploads\/2025\/09\/Onoir_MG_1237.jpg\" class=\"attachment-full size-full wp-image-1132\" alt=\"\" srcset=\"https:\/\/onoir.com\/wp-content\/uploads\/2025\/09\/Onoir_MG_1237.jpg 2400w, https:\/\/onoir.com\/wp-content\/uploads\/2025\/09\/Onoir_MG_1237-300x200.jpg 300w, https:\/\/onoir.com\/wp-content\/uploads\/2025\/09\/Onoir_MG_1237-1024x683.jpg 1024w, https:\/\/onoir.com\/wp-content\/uploads\/2025\/09\/Onoir_MG_1237-768x512.jpg 768w, https:\/\/onoir.com\/wp-content\/uploads\/2025\/09\/Onoir_MG_1237-1536x1024.jpg 1536w, https:\/\/onoir.com\/wp-content\/uploads\/2025\/09\/Onoir_MG_1237-2048x1365.jpg 2048w, https:\/\/onoir.com\/wp-content\/uploads\/2025\/09\/Onoir_MG_1237-18x12.jpg 18w\" sizes=\"(max-width: 2400px) 100vw, 2400px\" \/><\/figure><div class=\"elementor-image-box-content\"><p class=\"elementor-image-box-description\">Qu'il s'agisse d'un d\u00eener d'entreprise,\nd'une activit\u00e9 de team building, d'un anniversaire ou d'une f\u00eate priv\u00e9e, un d\u00eener dans le noir\ncomplet cr\u00e9e une atmosph\u00e8re unique : une atmosph\u00e8re propice aux \u00e9changes, \u00e0 la confiance et\naux souvenirs imp\u00e9rissables.<\/p><\/div><\/div>\t\t\t\t<\/div>\n\t\t\t\t<\/div>\n\t\t\t\t<\/div>\n\t\t\t\t<\/div>\n\t\t<div class=\"elementor-element elementor-element-20a4cb8 e-con-full elementor-hidden-tablet elementor-hidden-mobile e-flex e-con e-parent\" data-id=\"20a4cb8\" data-element_type=\"container\" data-e-type=\"container\" data-settings=\"{&quot;background_background&quot;:&quot;classic&quot;}\">\n\t\t<div class=\"elementor-element elementor-element-0d86c82 e-con-full e-flex e-con e-child\" data-id=\"0d86c82\" data-element_type=\"container\" data-e-type=\"container\">\n\t\t\t\t<div class=\"elementor-element elementor-element-2160579 elementor-widget__width-inherit elementor-widget-mobile__width-inherit elementor-widget elementor-widget-image-box\" data-id=\"2160579\" data-element_type=\"widget\" data-e-type=\"widget\" data-widget_type=\"image-box.default\">\n\t\t\t\t<div class=\"elementor-widget-container\">\n\t\t\t\t\t<div class=\"elementor-image-box-wrapper\"><div class=\"elementor-image-box-content\"><h3 class=\"elementor-image-box-title\">\u00c9v\u00e9nements priv\u00e9s et exp\u00e9riences d'entreprise<\/h3><p class=\"elementor-image-box-description\">Cherchez-vous une exp\u00e9rience inoubliable pour votre prochain \u00e9v\u00e9nement ? Onoir transforme\nvos rassemblements en voyages sensoriels uniques.<\/p><\/div><\/div>\t\t\t\t<\/div>\n\t\t\t\t<\/div>\n\t\t\t\t<div class=\"elementor-element elementor-element-9704af0 elementor-widget elementor-widget-image\" data-id=\"9704af0\" data-element_type=\"widget\" data-e-type=\"widget\" data-widget_type=\"image.default\">\n\t\t\t\t<div class=\"elementor-widget-container\">\n\t\t\t\t\t\t\t\t\t\t\t\t\t\t\t<img loading=\"lazy\" decoding=\"async\" width=\"800\" height=\"534\" src=\"https:\/\/onoir.com\/wp-content\/uploads\/2025\/09\/Onoir_MG_1237-1024x683.jpg\" class=\"attachment-large size-large wp-image-1132\" alt=\"\" srcset=\"https:\/\/onoir.com\/wp-content\/uploads\/2025\/09\/Onoir_MG_1237-1024x683.jpg 1024w, https:\/\/onoir.com\/wp-content\/uploads\/2025\/09\/Onoir_MG_1237-300x200.jpg 300w, https:\/\/onoir.com\/wp-content\/uploads\/2025\/09\/Onoir_MG_1237-768x512.jpg 768w, https:\/\/onoir.com\/wp-content\/uploads\/2025\/09\/Onoir_MG_1237-1536x1024.jpg 1536w, https:\/\/onoir.com\/wp-content\/uploads\/2025\/09\/Onoir_MG_1237-2048x1365.jpg 2048w, https:\/\/onoir.com\/wp-content\/uploads\/2025\/09\/Onoir_MG_1237-18x12.jpg 18w\" sizes=\"(max-width: 800px) 100vw, 800px\" \/>\t\t\t\t\t\t\t\t\t\t\t\t\t\t\t<\/div>\n\t\t\t\t<\/div>\n\t\t\t\t<\/div>\n\t\t<div class=\"elementor-element elementor-element-26a5817 e-con-full e-flex e-con e-child\" data-id=\"26a5817\" data-element_type=\"container\" data-e-type=\"container\">\n\t\t\t\t<div class=\"elementor-element elementor-element-dec53e9 elementor-widget__width-initial elementor-widget-tablet__width-inherit elementor-widget-mobile__width-inherit elementor-position-top elementor-widget elementor-widget-image-box\" data-id=\"dec53e9\" data-element_type=\"widget\" data-e-type=\"widget\" data-widget_type=\"image-box.default\">\n\t\t\t\t<div class=\"elementor-widget-container\">\n\t\t\t\t\t<div class=\"elementor-image-box-wrapper\"><figure class=\"elementor-image-box-img\"><img loading=\"lazy\" decoding=\"async\" width=\"1600\" height=\"2400\" src=\"https:\/\/onoir.com\/wp-content\/uploads\/2025\/09\/Onoir_MG_1113.jpg\" class=\"attachment-full size-full wp-image-1131\" alt=\"\" srcset=\"https:\/\/onoir.com\/wp-content\/uploads\/2025\/09\/Onoir_MG_1113.jpg 1600w, https:\/\/onoir.com\/wp-content\/uploads\/2025\/09\/Onoir_MG_1113-200x300.jpg 200w, https:\/\/onoir.com\/wp-content\/uploads\/2025\/09\/Onoir_MG_1113-683x1024.jpg 683w, https:\/\/onoir.com\/wp-content\/uploads\/2025\/09\/Onoir_MG_1113-768x1152.jpg 768w, https:\/\/onoir.com\/wp-content\/uploads\/2025\/09\/Onoir_MG_1113-1024x1536.jpg 1024w, https:\/\/onoir.com\/wp-content\/uploads\/2025\/09\/Onoir_MG_1113-1365x2048.jpg 1365w, https:\/\/onoir.com\/wp-content\/uploads\/2025\/09\/Onoir_MG_1113-8x12.jpg 8w\" sizes=\"(max-width: 1600px) 100vw, 1600px\" \/><\/figure><div class=\"elementor-image-box-content\"><p class=\"elementor-image-box-description\">Qu'il s'agisse d'un d\u00eener d'entreprise,\nd'une activit\u00e9 de team building, d'un anniversaire ou d'une f\u00eate priv\u00e9e, un d\u00eener dans le noir\ncomplet cr\u00e9e une atmosph\u00e8re unique : une atmosph\u00e8re propice aux \u00e9changes, \u00e0 la confiance et\naux souvenirs imp\u00e9rissables.<\/p><\/div><\/div>\t\t\t\t<\/div>\n\t\t\t\t<\/div>\n\t\t\t\t<\/div>\n\t\t\t\t<\/div>\n\t\t<div class=\"elementor-element elementor-element-4c987608 e-con-full e-flex e-con e-parent\" data-id=\"4c987608\" data-element_type=\"container\" data-e-type=\"container\" data-settings=\"{&quot;background_background&quot;:&quot;classic&quot;}\">\n\t\t<div class=\"elementor-element elementor-element-5730fbed e-con-full e-flex e-con e-child\" data-id=\"5730fbed\" data-element_type=\"container\" data-e-type=\"container\">\n\t\t\t\t<div class=\"elementor-element elementor-element-61a7943 elementor-widget elementor-widget-heading\" data-id=\"61a7943\" data-element_type=\"widget\" data-e-type=\"widget\" data-widget_type=\"heading.default\">\n\t\t\t\t<div class=\"elementor-widget-container\">\n\t\t\t\t\t<h2 class=\"elementor-heading-title elementor-size-default\">Chez Onoir, nous n'organisons pas seulement des \u00e9v\u00e9nements, nous cr\u00e9ons des moments\ninoubliables pour vos invit\u00e9s.<\/h2>\t\t\t\t<\/div>\n\t\t\t\t<\/div>\n\t\t\t\t<div class=\"elementor-element elementor-element-684064a7 elementor-widget elementor-widget-text-editor\" data-id=\"684064a7\" data-element_type=\"widget\" data-e-type=\"widget\" data-widget_type=\"text-editor.default\">\n\t\t\t\t<div class=\"elementor-widget-container\">\n\t\t\t\t\t\t\t\t\t<p>Prenez rendez-vous pour une consultation gratuite avec notre \u00e9quipe et concr\u00e9tisons vos id\u00e9es !<\/p>\t\t\t\t\t\t\t\t<\/div>\n\t\t\t\t<\/div>\n\t\t\t\t<div class=\"elementor-element elementor-element-11dfa2c2 elementor-align-left elementor-mobile-align-center elementor-tablet-align-center elementor-widget__width-inherit elementor-widget elementor-widget-button\" data-id=\"11dfa2c2\" data-element_type=\"widget\" data-e-type=\"widget\" data-widget_type=\"button.default\">\n\t\t\t\t<div class=\"elementor-widget-container\">\n\t\t\t\t\t\t\t\t\t<div class=\"elementor-button-wrapper\">\n\t\t\t\t\t<a class=\"elementor-button elementor-button-link elementor-size-sm elementor-animation-grow\" href=\"https:\/\/onoir.com\/fr\/contact\/\">\n\t\t\t\t\t\t<span class=\"elementor-button-content-wrapper\">\n\t\t\t\t\t\t\t\t\t<span class=\"elementor-button-text\">Nous contacter<\/span>\n\t\t\t\t\t<\/span>\n\t\t\t\t\t<\/a>\n\t\t\t\t<\/div>\n\t\t\t\t\t\t\t\t<\/div>\n\t\t\t\t<\/div>\n\t\t\t\t<\/div>\n\t\t\t\t<div class=\"elementor-element elementor-element-6aac7c32 elementor-widget__width-initial elementor-widget elementor-widget-gallery\" data-id=\"6aac7c32\" data-element_type=\"widget\" data-e-type=\"widget\" data-settings=\"{&quot;gallery_layout&quot;:&quot;masonry&quot;,&quot;columns&quot;:&quot;2&quot;,&quot;gap&quot;:{&quot;unit&quot;:&quot;px&quot;,&quot;size&quot;:58,&quot;sizes&quot;:[]},&quot;lazyload&quot;:&quot;yes&quot;,&quot;columns_tablet&quot;:2,&quot;columns_mobile&quot;:1,&quot;gap_tablet&quot;:{&quot;unit&quot;:&quot;px&quot;,&quot;size&quot;:10,&quot;sizes&quot;:[]},&quot;gap_mobile&quot;:{&quot;unit&quot;:&quot;px&quot;,&quot;size&quot;:10,&quot;sizes&quot;:[]},&quot;overlay_background&quot;:&quot;yes&quot;,&quot;content_hover_animation&quot;:&quot;fade-in&quot;}\" data-widget_type=\"gallery.default\">\n\t\t\t\t<div class=\"elementor-widget-container\">\n\t\t\t\t\t\t\t<div class=\"elementor-gallery__container\">\n\t\t\t\t\t\t\t<div class=\"e-gallery-item elementor-gallery-item elementor-animated-content\">\n\t\t\t\t\t<div class=\"e-gallery-image elementor-gallery-item__image\" data-thumbnail=\"https:\/\/onoir.com\/wp-content\/uploads\/2025\/09\/Onoir_MG_1279.jpg\" data-width=\"1600\" data-height=\"2400\" aria-label=\"\" role=\"img\" ><\/div>\n\t\t\t\t\t\t\t\t\t\t\t<div class=\"elementor-gallery-item__overlay\"><\/div>\n\t\t\t\t\t\t\t\t\t\t\t\t\t\t<\/div>\n\t\t\t\t\t\t\t<div class=\"e-gallery-item elementor-gallery-item elementor-animated-content\">\n\t\t\t\t\t<div class=\"e-gallery-image elementor-gallery-item__image\" data-thumbnail=\"https:\/\/onoir.com\/wp-content\/uploads\/2025\/09\/Onoir_Food_054.jpg\" data-width=\"2400\" data-height=\"1600\" aria-label=\"\" role=\"img\" ><\/div>\n\t\t\t\t\t\t\t\t\t\t\t<div class=\"elementor-gallery-item__overlay\"><\/div>\n\t\t\t\t\t\t\t\t\t\t\t\t\t\t<\/div>\n\t\t\t\t\t\t\t<div class=\"e-gallery-item elementor-gallery-item elementor-animated-content\">\n\t\t\t\t\t<div class=\"e-gallery-image elementor-gallery-item__image\" data-thumbnail=\"https:\/\/onoir.com\/wp-content\/uploads\/2025\/09\/Onoir_MG_1272.jpg\" data-width=\"2400\" data-height=\"1600\" aria-label=\"\" role=\"img\" ><\/div>\n\t\t\t\t\t\t\t\t\t\t\t<div class=\"elementor-gallery-item__overlay\"><\/div>\n\t\t\t\t\t\t\t\t\t\t\t\t\t\t<\/div>\n\t\t\t\t\t<\/div>\n\t\t\t\t\t<\/div>\n\t\t\t\t<\/div>\n\t\t\t\t<\/div>\n\t\t\t\t<\/div>","protected":false},"excerpt":{"rendered":"<p>Events HOST WITH US CORPORATE EVENTS, PRIVATE PARTIES, CONCERTS &amp; CULTURAL NIGHTS Learn more Private Events &amp; Corporate Experiences Looking for something truly unforgettable for your next event? Onoir transforms gatherings into unique sensory journeys. Whether it\u2019s a corporate dinner, team-building activity, birthday, or private party, dining in complete darkness creates an atmosphere unlike any [&hellip;]<\/p>\n","protected":false},"author":1,"featured_media":0,"parent":0,"menu_order":4,"comment_status":"closed","ping_status":"closed","template":"elementor_header_footer","meta":{"_acf_changed":false,"footnotes":""},"class_list":["post-1021","page","type-page","status-publish","hentry"],"acf":[],"_links":{"self":[{"href":"https:\/\/onoir.com\/fr\/wp-json\/wp\/v2\/pages\/1021","targetHints":{"allow":["GET"]}}],"collection":[{"href":"https:\/\/onoir.com\/fr\/wp-json\/wp\/v2\/pages"}],"about":[{"href":"https:\/\/onoir.com\/fr\/wp-json\/wp\/v2\/types\/page"}],"author":[{"embeddable":true,"href":"https:\/\/onoir.com\/fr\/wp-json\/wp\/v2\/users\/1"}],"replies":[{"embeddable":true,"href":"https:\/\/onoir.com\/fr\/wp-json\/wp\/v2\/comments?post=1021"}],"version-history":[{"count":85,"href":"https:\/\/onoir.com\/fr\/wp-json\/wp\/v2\/pages\/1021\/revisions"}],"predecessor-version":[{"id":1852,"href":"https:\/\/onoir.com\/fr\/wp-json\/wp\/v2\/pages\/1021\/revisions\/1852"}],"wp:attachment":[{"href":"https:\/\/onoir.com\/fr\/wp-json\/wp\/v2\/media?parent=1021"}],"curies":[{"name":"wp","href":"https:\/\/api.w.org\/{rel}","templated":true}]}}